{"id":87,"date":"2020-05-30T01:57:42","date_gmt":"2020-05-29T23:57:42","guid":{"rendered":"https:\/\/ladona.es\/?page_id=87"},"modified":"2020-06-12T23:51:46","modified_gmt":"2020-06-12T21:51:46","slug":"servicios","status":"publish","type":"page","link":"https:\/\/ladona.es\/index.php\/servicios\/","title":{"rendered":"Servicios"},"content":{"rendered":"<div id='full_slider_1'  class='avia-fullwidth-slider main_color avia-shadow  av-desktop-hide  avia-builder-el-0  el_before_av_slideshow_full  avia-builder-el-first   container_wrap sidebar_right' style=' '  ><div   data-size='no scaling'  data-lightbox_size='large'  data-animation='slide'  data-conditional_play=''  data-ids='91'  data-video_counter='0'  data-autoplay='false'  data-bg_slider='false'  data-slide_height=''  data-handle='av_slideshow_full'  data-interval='5'  data-class=' image_no_stretch'  data-el_id=''  data-css_id=''  data-scroll_down=''  data-control_layout='av-control-hidden'  data-custom_markup=''  data-perma_caption=''  data-autoplay_stopper=''  data-image_attachment=''  data-min_height='0px'  data-src=''  data-position='top left'  data-repeat='no-repeat'  data-attach='scroll'  data-stretch='image_no_stretch'  class='avia-slideshow avia-slideshow-1  av-control-hidden av-default-height-applied avia-slideshow-no scaling av_slideshow_full  image_no_stretch avia-slide-slider '  itemprop=\"image\" itemscope=\"itemscope\" itemtype=\"https:\/\/schema.org\/ImageObject\" ><ul class='avia-slideshow-inner ' style='padding-bottom: 52.083333333333%;' ><li  class=' av-single-slide slide-1 ' ><div data-rel='slideshow-1' class='avia-slide-wrap '   ><img src='https:\/\/ladona.es\/wp-content\/uploads\/2020\/05\/SLIDER-SERVICIOS0.jpg' width='1920' height='1000' title='SLIDER-SERVICIOS0' alt=''  itemprop=\"thumbnailUrl\"   \/><\/div><\/li><\/ul><\/div><\/div>\n<div id='full_slider_2'  class='avia-fullwidth-slider main_color avia-shadow  av-medium-hide av-small-hide av-mini-hide  avia-builder-el-1  el_after_av_slideshow_full  el_before_av_heading   slider-not-first container_wrap sidebar_right' style=' '  ><div   data-size='featured'  data-lightbox_size='large'  data-animation='slide'  data-conditional_play=''  data-ids='97'  data-video_counter='0'  data-autoplay='false'  data-bg_slider='false'  data-slide_height=''  data-handle='av_slideshow_full'  data-interval='5'  data-class=' '  data-el_id=''  data-css_id=''  data-scroll_down=''  data-control_layout='av-control-hidden'  data-custom_markup=''  data-perma_caption=''  data-autoplay_stopper=''  data-image_attachment=''  data-min_height='0px'  data-src=''  data-position='top left'  data-repeat='no-repeat'  data-attach='scroll'  data-stretch=''  data-default-height='28.666666666667'  class='avia-slideshow avia-slideshow-2  av-control-hidden av-default-height-applied avia-slideshow-featured av_slideshow_full   avia-slide-slider '  itemprop=\"image\" itemscope=\"itemscope\" itemtype=\"https:\/\/schema.org\/ImageObject\" ><ul class='avia-slideshow-inner ' style='padding-bottom: 28.666666666667%;' ><li  class=' av-single-slide slide-1 ' ><div data-rel='slideshow-2' class='avia-slide-wrap '   ><img src='https:\/\/ladona.es\/wp-content\/uploads\/2020\/05\/SLIDER-SERVICIOS00-1500x430.jpg' width='1500' height='430' title='SLIDER-SERVICIOS00' alt=''  itemprop=\"thumbnailUrl\"   \/><\/div><\/li><\/ul><\/div><\/div><div id='after_full_slider_2'  class='main_color av_default_container_wrap container_wrap sidebar_right' style=' '  ><div class='container' ><div class='template-page content  av-content-small alpha units'><div class='post-entry post-entry-type-page post-entry-87'><div class='entry-content-wrapper clearfix'>\n<div  style='padding-bottom:10px; ' class='av-special-heading av-special-heading-h2  blockquote modern-quote modern-centered  avia-builder-el-2  el_after_av_slideshow_full  el_before_av_hr  avia-builder-el-first  '><h2 class='av-special-heading-tag '  itemprop=\"headline\"  >SERVICIOS<\/h2><div class='special-heading-border'><div class='special-heading-inner-border' ><\/div><\/div><\/div>\n<div  style=' margin-top:30px; margin-bottom:30px;'  class='hr hr-custom hr-center hr-icon-no   avia-builder-el-3  el_after_av_heading  el_before_av_one_half '><span class='hr-inner  inner-border-av-border-fat' style=' width:100%px; border-color:#0c583a;' ><span class='hr-inner-style'><\/span><\/span><\/div>\n<div class=\"flex_column av_one_half  flex_column_div av-zero-column-padding first  avia-builder-el-4  el_after_av_hr  el_before_av_one_half  \" style='border-radius:0px; '><div   data-size='no scaling'  data-lightbox_size='large'  data-animation='fade'  data-conditional_play=''  data-ids='88,89,90'  data-video_counter='0'  data-autoplay='true'  data-bg_slider='false'  data-slide_height=''  data-handle='av_slideshow'  data-interval='3'  data-class=' avia-builder-el-5  avia-builder-el-no-sibling  '  data-el_id=''  data-css_id=''  data-scroll_down=''  data-control_layout='av-control-hidden'  data-custom_markup=''  data-perma_caption='aviaTBperma_caption'  data-autoplay_stopper=''  data-image_attachment=''  data-min_height='0px'  class='avia-slideshow avia-slideshow-3  av-control-hidden av-default-height-applied avia-slideshow-no scaling av_slideshow  avia-builder-el-5  avia-builder-el-no-sibling   avia-fade-slider '  itemprop=\"image\" itemscope=\"itemscope\" itemtype=\"https:\/\/schema.org\/ImageObject\" ><ul class='avia-slideshow-inner ' style='padding-bottom: 52.083333333333%;' ><li  class=' slide-1 ' ><div data-rel='slideshow-3' class='avia-slide-wrap '   ><img src='https:\/\/ladona.es\/wp-content\/uploads\/2020\/05\/SLIDER-SERVICIOS1.jpg' width='1920' height='1000' title='SLIDER-SERVICIOS1' alt=''  itemprop=\"thumbnailUrl\"   \/><\/div><\/li><li  class=' slide-2 ' ><div data-rel='slideshow-3' class='avia-slide-wrap '   ><img src='https:\/\/ladona.es\/wp-content\/uploads\/2020\/05\/SLIDER-SERVICIOS2.jpg' width='1920' height='1000' title='SLIDER-SERVICIOS2' alt=''  itemprop=\"thumbnailUrl\"   \/><\/div><\/li><li  class=' slide-3 ' ><div data-rel='slideshow-3' class='avia-slide-wrap '   ><img src='https:\/\/ladona.es\/wp-content\/uploads\/2020\/05\/SLIDER-SERVICIOS3.jpg' width='1920' height='1000' title='SLIDER-SERVICIOS3' alt=''  itemprop=\"thumbnailUrl\"   \/><\/div><\/li><\/ul><div class='avia-slideshow-arrows avia-slideshow-controls'><a href='#prev' class='prev-slide' aria-hidden='true' data-av_icon='\ue87c' data-av_iconfont='entypo-fontello'>Anterior<\/a><a href='#next' class='next-slide' aria-hidden='true' data-av_icon='\ue87d' data-av_iconfont='entypo-fontello'>Posterior<\/a><\/div><div class='avia-slideshow-dots avia-slideshow-controls'><a href='#1' class='goto-slide active' >1<\/a><a href='#2' class='goto-slide ' >2<\/a><a href='#3' class='goto-slide ' >3<\/a><\/div><div class=\"avia-caption av-slideshow-caption\"><div class=\"avia-inner-caption\"><h2  class='avia-caption-title  '  itemprop=\"name\" >Flota<\/h2><div class='avia-caption-content  '  itemprop=\"description\"  ><p>Distribuci\u00f3n al cliente respetando la cadena de fr\u00edo.<\/p>\n<\/div><\/div><\/div><\/div><\/div>\n<div class=\"flex_column av_one_half  flex_column_div av-zero-column-padding   avia-builder-el-6  el_after_av_one_half  el_before_av_hr  \" style='border-radius:0px; '><article  class=\"iconbox iconbox_top main_color    avia-builder-el-7  avia-builder-el-no-sibling  \"  itemscope=\"itemscope\" itemtype=\"https:\/\/schema.org\/CreativeWork\" ><div class=\"iconbox_content\"><header class=\"entry-content-header\"><div class=\"iconbox_icon heading-color \" aria-hidden='true' data-av_icon='\ue859' data-av_iconfont='entypo-fontello'  ><\/div><\/header><div class='iconbox_content_container  '  itemprop=\"text\"  ><p style=\"text-align: justify;\">Somos fabricantes de productos precocinados y embutidos, y tambi\u00e9n distribuimos una serie de productos congelados. Nuestros clientes van desde Mayoristas de Alimentaci\u00f3n, cadenas hoteleras, bares, restaurantes, supermercados\u2026 En la actualidad estamos trabajando para incorporar un nuevo tipo de formato de embolsado, para tiendas de alimentaci\u00f3n y peque\u00f1os consumidores. Con nuestros veh\u00edculos frigor\u00edficos, hacemos reparto a diario y tambi\u00e9n atendemos a los clientes que quieran venir a visitarnos en nuestras instalaciones<\/p>\n<\/div><\/div><footer class=\"entry-footer\"><\/footer><\/article><\/div><div  style=' margin-top:30px; margin-bottom:30px;'  class='hr hr-custom hr-center hr-icon-no   avia-builder-el-8  el_after_av_one_half  avia-builder-el-last '><span class='hr-inner  inner-border-av-border-fat' style=' width:100%px; border-color:#0c583a;' ><span class='hr-inner-style'><\/span><\/span><\/div><\/p>\n","protected":false},"excerpt":{"rendered":"","protected":false},"author":2,"featured_media":91,"parent":0,"menu_order":0,"comment_status":"closed","ping_status":"closed","template":"","meta":{"spay_email":""},"yoast_head":"<!-- This site is optimized with the Yoast SEO plugin v15.3 - https:\/\/yoast.com\/wordpress\/plugins\/seo\/ -->\n<title>Servicios - LaDona<\/title>\n<meta name=\"robots\" content=\"index, follow, max-snippet:-1, max-image-preview:large, max-video-preview:-1\" \/>\n<link rel=\"canonical\" href=\"https:\/\/ladona.es\/index.php\/servicios\/\" \/>\n<meta property=\"og:locale\" content=\"es_ES\" \/>\n<meta property=\"og:type\" content=\"article\" \/>\n<meta property=\"og:title\" content=\"Servicios - LaDona\" \/>\n<meta property=\"og:url\" content=\"https:\/\/ladona.es\/index.php\/servicios\/\" \/>\n<meta property=\"og:site_name\" content=\"LaDona\" \/>\n<meta property=\"article:modified_time\" content=\"2020-06-12T21:51:46+00:00\" \/>\n<meta property=\"og:image\" content=\"https:\/\/ladona.es\/wp-content\/uploads\/2020\/05\/SLIDER-SERVICIOS0.jpg\" \/>\n\t<meta property=\"og:image:width\" content=\"1920\" \/>\n\t<meta property=\"og:image:height\" content=\"1000\" \/>\n<meta name=\"twitter:card\" content=\"summary_large_image\" \/>\n<meta name=\"twitter:label1\" content=\"Escrito por\">\n\t<meta name=\"twitter:data1\" content=\"Edu\">\n\t<meta name=\"twitter:label2\" content=\"Tiempo de lectura\">\n\t<meta name=\"twitter:data2\" content=\"5 minutos\">\n<script type=\"application\/ld+json\" class=\"yoast-schema-graph\">{\"@context\":\"https:\/\/schema.org\",\"@graph\":[{\"@type\":\"WebSite\",\"@id\":\"https:\/\/ladona.es\/#website\",\"url\":\"https:\/\/ladona.es\/\",\"name\":\"LaDona\",\"description\":\"F\\u00e1brica de precocinados\",\"potentialAction\":[{\"@type\":\"SearchAction\",\"target\":\"https:\/\/ladona.es\/?s={search_term_string}\",\"query-input\":\"required name=search_term_string\"}],\"inLanguage\":\"es\"},{\"@type\":\"ImageObject\",\"@id\":\"https:\/\/ladona.es\/index.php\/servicios\/#primaryimage\",\"inLanguage\":\"es\",\"url\":\"https:\/\/ladona.es\/wp-content\/uploads\/2020\/05\/SLIDER-SERVICIOS0.jpg\",\"width\":1920,\"height\":1000},{\"@type\":\"WebPage\",\"@id\":\"https:\/\/ladona.es\/index.php\/servicios\/#webpage\",\"url\":\"https:\/\/ladona.es\/index.php\/servicios\/\",\"name\":\"Servicios - LaDona\",\"isPartOf\":{\"@id\":\"https:\/\/ladona.es\/#website\"},\"primaryImageOfPage\":{\"@id\":\"https:\/\/ladona.es\/index.php\/servicios\/#primaryimage\"},\"datePublished\":\"2020-05-29T23:57:42+00:00\",\"dateModified\":\"2020-06-12T21:51:46+00:00\",\"inLanguage\":\"es\",\"potentialAction\":[{\"@type\":\"ReadAction\",\"target\":[\"https:\/\/ladona.es\/index.php\/servicios\/\"]}]}]}<\/script>\n<!-- \/ Yoast SEO plugin. -->","_links":{"self":[{"href":"https:\/\/ladona.es\/index.php\/wp-json\/wp\/v2\/pages\/87"}],"collection":[{"href":"https:\/\/ladona.es\/index.php\/wp-json\/wp\/v2\/pages"}],"about":[{"href":"https:\/\/ladona.es\/index.php\/wp-json\/wp\/v2\/types\/page"}],"author":[{"embeddable":true,"href":"https:\/\/ladona.es\/index.php\/wp-json\/wp\/v2\/users\/2"}],"replies":[{"embeddable":true,"href":"https:\/\/ladona.es\/index.php\/wp-json\/wp\/v2\/comments?post=87"}],"version-history":[{"count":7,"href":"https:\/\/ladona.es\/index.php\/wp-json\/wp\/v2\/pages\/87\/revisions"}],"predecessor-version":[{"id":276,"href":"https:\/\/ladona.es\/index.php\/wp-json\/wp\/v2\/pages\/87\/revisions\/276"}],"wp:featuredmedia":[{"embeddable":true,"href":"https:\/\/ladona.es\/index.php\/wp-json\/wp\/v2\/media\/91"}],"wp:attachment":[{"href":"https:\/\/ladona.es\/index.php\/wp-json\/wp\/v2\/media?parent=87"}],"curies":[{"name":"wp","href":"https:\/\/api.w.org\/{rel}","templated":true}]}}